{"id":1328,"date":"2016-08-11T10:02:11","date_gmt":"2016-08-11T08:02:11","guid":{"rendered":"http:\/\/sz.musikverein-wesel.de\/?page_id=1328"},"modified":"2026-04-22T19:19:49","modified_gmt":"2026-04-22T17:19:49","slug":"start","status":"publish","type":"page","link":"https:\/\/www.musikverein-wesel.de\/","title":{"rendered":"Start"},"content":{"rendered":"<p>[et_pb_section fb_built=&#8220;1&#8243; custom_padding_last_edited=&#8220;on|desktop&#8220; admin_label=&#8220;Sektion&#8220; _builder_version=&#8220;3.18.7&#8243; background_color=&#8220;rgba(255,255,255,0)&#8220; custom_padding=&#8220;0px||55px||false|false&#8220; custom_padding_tablet=&#8220;50px|0|50px|0&#8243; transparent_background=&#8220;on&#8220;][et_pb_row padding_mobile=&#8220;off&#8220; column_padding_mobile=&#8220;on&#8220; parallax_method_1=&#8220;off&#8220; admin_label=&#8220;Zeile&#8220; _builder_version=&#8220;3.0.48&#8243; background_size=&#8220;initial&#8220; background_position=&#8220;top_left&#8220; background_repeat=&#8220;repeat&#8220;][et_pb_column type=&#8220;2_5&#8243; _builder_version=&#8220;3.0.47&#8243; column_padding_mobile=&#8220;on&#8220; parallax=&#8220;off&#8220; parallax_method=&#8220;off&#8220;][et_pb_image src=&#8220;https:\/\/www.musikverein-wesel.de\/wp-content\/uploads\/2021\/07\/SMVW-Logo-2021-B-gelb-schwarz.png&#8220; show_in_lightbox=&#8220;on&#8220; use_overlay=&#8220;on&#8220; align=&#8220;center&#8220; admin_label=&#8220;Bild&#8220; _builder_version=&#8220;3.18.7&#8243; animation_direction=&#8220;left&#8220; animation=&#8220;left&#8220; sticky=&#8220;off&#8220; use_border_color=&#8220;off&#8220; border_color=&#8220;#ffffff&#8220; border_style=&#8220;solid&#8220;]\u00a0[\/et_pb_image][\/et_pb_column][et_pb_column type=&#8220;3_5&#8243; _builder_version=&#8220;3.0.47&#8243; column_padding_mobile=&#8220;on&#8220; parallax=&#8220;off&#8220; parallax_method=&#8220;on&#8220;][et_pb_text admin_label=&#8220;Text&#8220; _builder_version=&#8220;3.18.7&#8243; background_size=&#8220;initial&#8220; background_position=&#8220;top_left&#8220; background_repeat=&#8220;repeat&#8220; text_orientation=&#8220;justified&#8220; use_border_color=&#8220;off&#8220; border_color=&#8220;#ffffff&#8220; border_style=&#8220;solid&#8220;]<\/p>\n<h2 style=\"text-align: center;\">Seit 114 Jahren Musik f\u00fcr und in Wesel!<\/h2>\n<p><span style=\"font-family: inherit; font-weight: normal;\">Hier finden Sie Informationen zu unseren Kammer- und Orchesterkonzerten, den Chorkonzerten und dem Weseler Klaviersommer!<\/span><\/p>\n<p>Unterst\u00fctzen Sie uns! Wir arbeiten mit gro\u00dfer Begeisterung ehrenamtlich an einem besonderen Konzertprogramm in Wesel!<\/p>\n<a href='https:\/\/www.musikverein-wesel.de\/wp-content\/uploads\/2023\/07\/MV-Beitrittserklaerung-2023.pdf' class='small-button smallsilver'>Beitrittserkl\u00e4rung<\/a>\n<a href='https:\/\/www.musikverein-wesel.de\/wp-content\/uploads\/2025\/09\/JHV-2025-Bericht-Internet.pdf' class='small-button smallsilver'>Gesch\u00e4ftsbericht 2025<\/a>\n<p>[\/et_pb_text][\/et_pb_column][\/et_pb_row][et_pb_row _builder_version=&#8220;3.18.7&#8243;][et_pb_column type=&#8220;2_5&#8243; _builder_version=&#8220;3.18.7&#8243; parallax=&#8220;off&#8220; parallax_method=&#8220;on&#8220;][et_pb_image src=&#8220;https:\/\/www.musikverein-wesel.de\/wp-content\/uploads\/2026\/03\/IMG_2252-1.jpg&#8220; _builder_version=&#8220;3.18.7&#8243;][\/et_pb_image][\/et_pb_column][et_pb_column type=&#8220;3_5&#8243; _builder_version=&#8220;3.18.7&#8243; parallax=&#8220;off&#8220; parallax_method=&#8220;on&#8220;][et_pb_text _builder_version=&#8220;3.18.7&#8243;]<\/p>\n<h3>Es geht weiter: Der 26. Weseler Klaviersommer startet am 10. Mai!<\/h3>\n<h4>2026 erleben wir nun schon zum 26. Mal den Weseler Klaviersommer. Wie in jedem Jahr werden es auch in diesem Jahr 4 festliche, virtuose Klavierkonzerte, die in den Monaten Mai, Juni, Juli und im August in Wesel stattfinden: Veranstalter und Organisator sind der St\u00e4dtische Musikverein Wesel e.V., sowie die Musik- und Kunstschule der Stadt Wesel, in deren Aula diese Konzerte dann jeweils an einem Sonntag um 18 Uhr zu h\u00f6ren sein werden. Mitgetragen und unterst\u00fctzt werden die Veranstaltungen von der Pianofirma Shigeru-Kawai aus Japan, die die aufstrebenden jungen Virtuosen vermittelt und unsere Konzertreihe gro\u00dfz\u00fcgig unterst\u00fctzt.<br \/> Klicken Sie ganz oben auf den Reiter &#8222;Klaviersommer&#8220;, dann erfahren Sie mehr \u00fcber die jungen Nachwuchspianisten und ihr Programm!<\/h4>\n<p>[\/et_pb_text][et_pb_image src=&#8220;https:\/\/www.musikverein-wesel.de\/wp-content\/uploads\/2023\/01\/facebook-e1679673375439.jpg&#8220; url=&#8220;https:\/\/fb.me\/e\/3PMg9jE4Q&#8220; _builder_version=&#8220;3.18.7&#8243;][\/et_pb_image][\/et_pb_column][\/et_pb_row][et_pb_row _builder_version=&#8220;3.18.7&#8243;][et_pb_column type=&#8220;4_4&#8243; _builder_version=&#8220;3.18.7&#8243; parallax=&#8220;off&#8220; parallax_method=&#8220;on&#8220;][et_pb_text _builder_version=&#8220;3.18.7&#8243;]<\/p>\n<h3 style=\"text-align: center;\">Der St\u00e4dtische Musikverein Wesel e.V.<br \/> Das war die Saison 2025-26!<br \/> Die K\u00fcnstler der Saison 2025-26!<\/h3>\n<h3 style=\"text-align: center;\"><\/h3>\n<p>[\/et_pb_text][et_pb_image src=&#8220;https:\/\/www.musikverein-wesel.de\/wp-content\/uploads\/2026\/02\/uebersicht-kuenstler-scaled.jpg&#8220; show_in_lightbox=&#8220;on&#8220; _builder_version=&#8220;3.18.7&#8243;][\/et_pb_image][et_pb_image src=&#8220;https:\/\/www.musikverein-wesel.de\/wp-content\/uploads\/2023\/01\/facebook-e1679673375439.jpg&#8220; url=&#8220;https:\/\/fb.me\/e\/6ImMTr4vv&#8220; _builder_version=&#8220;3.18.7&#8243;][\/et_pb_image][\/et_pb_column][\/et_pb_row][et_pb_row _builder_version=&#8220;3.18.7&#8243;][et_pb_column type=&#8220;2_5&#8243; _builder_version=&#8220;3.18.7&#8243; parallax=&#8220;off&#8220; parallax_method=&#8220;on&#8220;][et_pb_image src=&#8220;https:\/\/www.musikverein-wesel.de\/wp-content\/uploads\/2026\/03\/ko_8-plakat.jpg&#8220; _builder_version=&#8220;3.18.7&#8243;][\/et_pb_image][et_pb_image src=&#8220;https:\/\/www.musikverein-wesel.de\/wp-content\/uploads\/2026\/03\/gruppe-cenbaless.jpg&#8220; _builder_version=&#8220;3.18.7&#8243;][\/et_pb_image][\/et_pb_column][et_pb_column type=&#8220;3_5&#8243; _builder_version=&#8220;3.18.7&#8243; parallax=&#8220;off&#8220; parallax_method=&#8220;on&#8220;][et_pb_text _builder_version=&#8220;3.18.7&#8243;]<\/p>\n<h3>Unser letztes Konzert der Saison 2025-26 &#8211; das f\u00fcr den 19. April geplante Sonderkonzert geh\u00f6rt zur Abonnement-Reihe!\u00a0Abonnenten ben\u00f6tigen keine eigene Eintrittskarte!<\/h3>\n<p>Am Sonntag, den 19.April 2026, um 18 Uhr ist das Ensemble Cembaless mit Elisabeth von Stritzky\u00a0(Sopran) &amp; Florian Wintels (Poetry Slam)\u00a0zu Gast im St\u00e4dtischen B\u00fchnenhaus Wesel. Auf dem Programm steht G. F. H\u00e4ndels Oper: \u201eIl Floridante oder Die heimliche Heldin\u201c \u2013 eine barocke Oper aus dem Jahr 1721 &#8211; aber in einem modernen und neuen, kreativen Arrangement f\u00fcr eine(!)\u00a0S\u00e4ngerin (Elisabeth von Stritzky), einen Poetry Slammer (Florian Wintels) sowie das sechsk\u00f6pfige Kammerensemble von Cembaless: <strong>Frisch! Kreativ! Farbenreich!<\/strong><\/p>\n<p>Karten zu dem Konzert gibt es im Vorverkauf und an der Theaterkasse im St\u00e4dtischen B\u00fchnenhaus und im <span style=\"color: #ff0000;\"><a href=\"https:\/\/tickets.vibus.de\/00100202000000\/shop\/vstkalender.aspx\" style=\"color: #ff0000;\">Online-Shop<\/a><\/span> des St\u00e4dtischen B\u00fchnenhauses Wesel.<\/p>\n<p>Durch das Dickicht der wendungsreichen Handlung dieser \u201ePocketOpera\u201c f\u00fchrt ebenso frei interpretierend wie witz- und wortgewandt der Kabarettist und Poetry Slammer Florian Wintels, der 2022 die deutschsprachigen Meisterschaften im Poetry Slam und zudem den \u201eBielefelder Kabarettpreis\u201c gewann. Gr\u00fcnderin und S\u00e4ngerin des Ensemble Cembaless, Elisabeth von Stritzky, brilliert in allen unterschiedlichen Gesangspartien der Oper! Die anderen Ensemblemitglieder des mit zahlreichen internationalen Preisen ausgezeichneten Ensemble Cembaless (das seinem Namen alle Ehre macht und ohne Cembalo auskommt) begleiten sie mit Blockfl\u00f6ten, Gambe, Laute, Theorbe und persischer Perkussion und zeigen hier nicht nur ihr K\u00f6nnen, sondern auch ein ganz neues Auff\u00fchrungskonzept.<\/p>\n<p>&nbsp;<\/p>\n<p>&nbsp;<\/p>\n<p>&nbsp;<\/p>\n<p>&nbsp;<\/p>\n<h3><\/h3>\n<p>[\/et_pb_text][\/et_pb_column][\/et_pb_row][et_pb_row custom_padding=&#8220;9px|0px|27px|0px|false|false&#8220; column_padding_mobile=&#8220;on&#8220; parallax_method_1=&#8220;off&#8220; parallax_method_2=&#8220;off&#8220; admin_label=&#8220;Zeile&#8220; _builder_version=&#8220;3.18.7&#8243; background_size=&#8220;initial&#8220; background_position=&#8220;top_left&#8220; background_repeat=&#8220;repeat&#8220; link_option_url=&#8220;https:\/\/www.eventim-light.com\/de\/a\/5a65af2e98014304df4ae9a0\/e\/697cb3a2d0c8645d1cfdbddb&#8220;][et_pb_column type=&#8220;2_5&#8243; _builder_version=&#8220;3.0.47&#8243; column_padding_mobile=&#8220;on&#8220; parallax=&#8220;off&#8220; parallax_method=&#8220;off&#8220;][et_pb_image src=&#8220;https:\/\/www.musikverein-wesel.de\/wp-content\/uploads\/2026\/03\/Chor-gesamt-Misatango-scaled.jpg&#8220; show_in_lightbox=&#8220;on&#8220; _builder_version=&#8220;3.18.7&#8243;][\/et_pb_image][et_pb_image src=&#8220;https:\/\/www.musikverein-wesel.de\/wp-content\/uploads\/2026\/01\/Rueckseite-druck-2mm-scaled.png&#8220; show_in_lightbox=&#8220;on&#8220; _builder_version=&#8220;3.18.7&#8243;][\/et_pb_image][et_pb_image src=&#8220;https:\/\/www.musikverein-wesel.de\/wp-content\/uploads\/2023\/01\/facebook-e1679673375439.jpg&#8220; url=&#8220;https:\/\/fb.me\/e\/7BJSHNaPU&#8220; _builder_version=&#8220;3.18.7&#8243;][\/et_pb_image][\/et_pb_column][et_pb_column type=&#8220;3_5&#8243; _builder_version=&#8220;3.0.47&#8243; column_padding_mobile=&#8220;on&#8220; parallax=&#8220;off&#8220; parallax_method=&#8220;off&#8220;][et_pb_text _builder_version=&#8220;3.18.7&#8243;]<\/p>\n<h3>8. M\u00e4rz 2026: Choir meets Tango &#8211; Misa a Buenos Aires von und mit Mart\u00edn Palmeri!<\/h3>\n<p>Mit unserem letzten Programm tauchten wir ein in die lebhafte und leidenschaftliche Musikwelt S\u00fcdamerikas und brachten die mitrei\u00dfende <strong>Misa a Buenos Aires<\/strong>\u00a0des argentinischen Komponisten Mart\u00edn Palmeri auf die B\u00fchne. Nach dem Urteil aller Zuh\u00f6rer eine sehr gelungene Auff\u00fchrung!<br \/> Du m\u00f6chtest mitsingen? Dann melde dich gerne bei uns unter info@musikverein-wesel.de und erhalte weitere Informationen. Aktuell freuen wir uns besonders \u00fcber Verst\u00e4rkung im Sopran, Tenor und Bass. Unser n\u00e4chtes Werk: <strong>Requiem for the living von Dan Forrest!<\/strong><br \/> Unsere Proben finden donnerstags in der Zeit von 19:00 bis 21:30 Uhr\u00a0 in der Aula an der Pastor-van-der-Giet-Stra\u00dfe 1 statt. (Komm vorbei!) Noch Fragen? Einfach Email an info@musikverein-wesel.de<\/p>\n<h3>Kleiner R\u00fcckblick<br \/> Chorkonzerte 2025<\/h3>\n<p>20.9.2025: Konzert in der Kulturnacht in der Aula der Musik- und Kunstschule unter dem Titel &#8222;From The Beauty Of The Earth&#8220;<br \/> Der Chor des St\u00e4dtischen Musikvereins\u00a0 mit 7 Chorwerken von Bach, Jenkins, Rutter und anderen, z.T. zusammen mit den DudenSingers und DudenVoices anl\u00e4sslich des Weltkindertages<br \/> Chorkonzert am 30.3.2025 im Willbrordi-Dom<br \/> In der Rheinischen Post vom 1.4. stand zu lesen:<br \/> Ovationen f\u00fcr den Musikverein<br \/> Alle, die am Sonntag im gut gef\u00fcllten Willibrordi-Dom Felix Mendelssohn Bartholdys \u201eLobgesang\u201c erleben durften, werden sicher noch lange an diesen Abend und das beeindruckende Konzert des Weseler Musikvereins zur\u00fcckdenken. Mit Lob und Beifall \u00fcbersch\u00fcttet wurden nicht nur die S\u00e4ngerinnen und S\u00e4nger, sondern auch die drei Solisten, die Instrumentalisten und nat\u00fcrlich Chorleiter Stephan Arnold, der das Ensemble vor vier Jahren \u00fcbernommen hatte. Mehrere Monate lang hatten sich die Akteure auf dieses h\u00f6chst anspruchsvolle Konzerterlebnis vorbereitet \u2013 es hat sich gelohnt.<\/p>\n<p><strong>Wer Lust hat, mal zu einer Schnupperprobe vorbeizukommen, ist herzlich eingeladen!<\/strong><br \/> <strong> Anmeldungen oder Fragen bitte an info@musikverein-wesel.de\u00a0!<\/strong><\/p>\n<p>[\/et_pb_text][\/et_pb_column][\/et_pb_row][\/et_pb_section][et_pb_section fb_built=&#8220;1&#8243; _builder_version=&#8220;3.18.7&#8243;][\/et_pb_section]<\/p>\n","protected":false},"excerpt":{"rendered":"<p>[et_pb_section fb_built=&#8220;1&#8243; custom_padding_last_edited=&#8220;on|desktop&#8220; admin_label=&#8220;Sektion&#8220; _builder_version=&#8220;3.18.7&#8243; background_color=&#8220;rgba(255,255,255,0)&#8220; custom_padding=&#8220;0px||55px||false|false&#8220; custom_padding_tablet=&#8220;50px|0|50px|0&#8243; transparent_background=&#8220;on&#8220;][et_pb_row padding_mobile=&#8220;off&#8220; column_padding_mobile=&#8220;on&#8220; parallax_method_1=&#8220;off&#8220; admin_label=&#8220;Zeile&#8220; _builder_version=&#8220;3.0.48&#8243; background_size=&#8220;initial&#8220; background_position=&#8220;top_left&#8220; background_repeat=&#8220;repeat&#8220;][et_pb_column type=&#8220;2_5&#8243; _builder_version=&#8220;3.0.47&#8243; column_padding_mobile=&#8220;on&#8220; parallax=&#8220;off&#8220; parallax_method=&#8220;off&#8220;][et_pb_image src=&#8220;https:\/\/www.musikverein-wesel.de\/wp-content\/uploads\/2021\/07\/SMVW-Logo-2021-B-gelb-schwarz.png&#8220; show_in_lightbox=&#8220;on&#8220; use_overlay=&#8220;on&#8220; align=&#8220;center&#8220; admin_label=&#8220;Bild&#8220; _builder_version=&#8220;3.18.7&#8243; animation_direction=&#8220;left&#8220; animation=&#8220;left&#8220; sticky=&#8220;off&#8220; use_border_color=&#8220;off&#8220; border_color=&#8220;#ffffff&#8220; border_style=&#8220;solid&#8220;]\u00a0[\/et_pb_image][\/et_pb_column][et_pb_column type=&#8220;3_5&#8243; _builder_version=&#8220;3.0.47&#8243; column_padding_mobile=&#8220;on&#8220; parallax=&#8220;off&#8220; parallax_method=&#8220;on&#8220;][et_pb_text admin_label=&#8220;Text&#8220; _builder_version=&#8220;3.18.7&#8243; background_size=&#8220;initial&#8220; background_position=&#8220;top_left&#8220; background_repeat=&#8220;repeat&#8220; text_orientation=&#8220;justified&#8220; use_border_color=&#8220;off&#8220; border_color=&#8220;#ffffff&#8220; border_style=&#8220;solid&#8220;] Seit 114 Jahren Musik f\u00fcr und in [&hellip;]<\/p>\n","protected":false},"author":1,"featured_media":0,"parent":0,"menu_order":0,"comment_status":"closed","ping_status":"closed","template":"","meta":{"_et_pb_use_builder":"on","_et_pb_old_content":"","footnotes":""},"class_list":["post-1328","page","type-page","status-publish","hentry"],"_links":{"self":[{"href":"https:\/\/www.musikverein-wesel.de\/index.php?rest_route=\/wp\/v2\/pages\/1328","targetHints":{"allow":["GET"]}}],"collection":[{"href":"https:\/\/www.musikverein-wesel.de\/index.php?rest_route=\/wp\/v2\/pages"}],"about":[{"href":"https:\/\/www.musikverein-wesel.de\/index.php?rest_route=\/wp\/v2\/types\/page"}],"author":[{"embeddable":true,"href":"https:\/\/www.musikverein-wesel.de\/index.php?rest_route=\/wp\/v2\/users\/1"}],"replies":[{"embeddable":true,"href":"https:\/\/www.musikverein-wesel.de\/index.php?rest_route=%2Fwp%2Fv2%2Fcomments&post=1328"}],"version-history":[{"count":1099,"href":"https:\/\/www.musikverein-wesel.de\/index.php?rest_route=\/wp\/v2\/pages\/1328\/revisions"}],"predecessor-version":[{"id":6265,"href":"https:\/\/www.musikverein-wesel.de\/index.php?rest_route=\/wp\/v2\/pages\/1328\/revisions\/6265"}],"wp:attachment":[{"href":"https:\/\/www.musikverein-wesel.de\/index.php?rest_route=%2Fwp%2Fv2%2Fmedia&parent=1328"}],"curies":[{"name":"wp","href":"https:\/\/api.w.org\/{rel}","templated":true}]}}