{"id":1341,"date":"2016-08-11T12:34:59","date_gmt":"2016-08-11T12:34:59","guid":{"rendered":"http:\/\/sz.musikverein-wesel.de\/?page_id=1341"},"modified":"2026-03-30T13:39:10","modified_gmt":"2026-03-30T11:39:10","slug":"der-chor","status":"publish","type":"page","link":"https:\/\/www.musikverein-wesel.de\/?page_id=1341","title":{"rendered":"Chor und Konzerte"},"content":{"rendered":"<p>[et_pb_section fb_built=&#8220;1&#8243; custom_padding_last_edited=&#8220;on|desktop&#8220; admin_label=&#8220;Sektion&#8220; _builder_version=&#8220;3.18.7&#8243; background_color=&#8220;rgba(255,255,255,0)&#8220; custom_padding_tablet=&#8220;50px|0|50px|0&#8243; transparent_background=&#8220;on&#8220; padding_mobile=&#8220;off&#8220;][et_pb_row admin_label=&#8220;Zeile&#8220; _builder_version=&#8220;3.18.7&#8243; background_size=&#8220;initial&#8220; background_position=&#8220;top_left&#8220; background_repeat=&#8220;repeat&#8220;][et_pb_column type=&#8220;4_4&#8243; _builder_version=&#8220;3.0.47&#8243; parallax=&#8220;off&#8220; parallax_method=&#8220;on&#8220;][et_pb_image src=&#8220;https:\/\/www.musikverein-wesel.de\/wp-content\/uploads\/2024\/06\/2024.06.16ema032-Kopie-scaled.jpg&#8220; _builder_version=&#8220;3.18.7&#8243;][\/et_pb_image][\/et_pb_column][\/et_pb_row][et_pb_row admin_label=&#8220;Zeile&#8220; _builder_version=&#8220;3.18.7&#8243; background_size=&#8220;initial&#8220; background_position=&#8220;top_left&#8220; background_repeat=&#8220;repeat&#8220;][et_pb_column type=&#8220;4_4&#8243; _builder_version=&#8220;3.0.47&#8243; parallax=&#8220;off&#8220; parallax_method=&#8220;on&#8220;][et_pb_gallery gallery_ids=&#8220;5201,5200,5199,5198,5197,5196,5179,5178,5177,5176,5175,5174,5173,5172,5171,5170,5169,5168,5167,5166,5165,5164,5161&#8243; show_title_and_caption=&#8220;off&#8220; show_pagination=&#8220;off&#8220; _builder_version=&#8220;3.18.7&#8243; animation_style=&#8220;slide&#8220;][\/et_pb_gallery][\/et_pb_column][\/et_pb_row][et_pb_row admin_label=&#8220;Zeile&#8220; _builder_version=&#8220;3.18.7&#8243; background_size=&#8220;initial&#8220; background_position=&#8220;top_left&#8220; background_repeat=&#8220;repeat&#8220;][et_pb_column type=&#8220;2_5&#8243; _builder_version=&#8220;3.0.47&#8243; parallax=&#8220;off&#8220; parallax_method=&#8220;on&#8220;][et_pb_image src=&#8220;https:\/\/www.musikverein-wesel.de\/wp-content\/uploads\/2026\/03\/Chor-gesamt-Misatango-scaled.jpg&#8220; show_in_lightbox=&#8220;on&#8220; force_fullwidth=&#8220;on&#8220; _builder_version=&#8220;3.18.7&#8243;][\/et_pb_image][et_pb_image src=&#8220;https:\/\/www.musikverein-wesel.de\/wp-content\/uploads\/2026\/01\/Rueckseite-druck-2mm-scaled.png&#8220; show_in_lightbox=&#8220;on&#8220; force_fullwidth=&#8220;on&#8220; _builder_version=&#8220;3.18.7&#8243;][\/et_pb_image][et_pb_image src=&#8220;https:\/\/www.musikverein-wesel.de\/wp-content\/uploads\/2023\/03\/c2e92fd1-af2a-4785-a1c1-72619e62b32b-1.jpg&#8220; show_in_lightbox=&#8220;on&#8220; force_fullwidth=&#8220;on&#8220; _builder_version=&#8220;3.18.7&#8243;][\/et_pb_image][et_pb_image src=&#8220;https:\/\/www.musikverein-wesel.de\/wp-content\/uploads\/2023\/03\/136cf289-fdfb-405a-866c-fd76882eb2eb-1.jpg&#8220; show_in_lightbox=&#8220;on&#8220; force_fullwidth=&#8220;on&#8220; _builder_version=&#8220;3.18.7&#8243;][\/et_pb_image][et_pb_image src=&#8220;https:\/\/www.musikverein-wesel.de\/wp-content\/uploads\/2019\/10\/gruppe_in_cambridge-2.jpg&#8220; show_in_lightbox=&#8220;on&#8220; force_fullwidth=&#8220;on&#8220; _builder_version=&#8220;3.18.7&#8243;][\/et_pb_image][et_pb_image src=&#8220;https:\/\/www.musikverein-wesel.de\/wp-content\/uploads\/2019\/10\/Geimeinsames-Konzert-der-Ch\u00f6re.jpg&#8220; show_in_lightbox=&#8220;on&#8220; force_fullwidth=&#8220;on&#8220; _builder_version=&#8220;3.18.7&#8243;][\/et_pb_image][\/et_pb_column][et_pb_column type=&#8220;3_5&#8243; _builder_version=&#8220;3.0.47&#8243; parallax=&#8220;off&#8220; parallax_method=&#8220;on&#8220;][et_pb_text _builder_version=&#8220;3.18.7&#8243;]<\/p>\n<h3><span><strong>F\u00fcr interessierte Chors\u00e4ngerinnen und -s\u00e4nger!<\/strong><\/span><\/h3>\n<h3>Choir meets Tango \u2013 Misa a Buenos Aires von und mit(!) Mart\u00edn Palmeri am 8. M\u00e4rz 2026<\/h3>\n<p><span>Mit unserem letzten Programm tauchten wir ein in die lebhafte und leidenschaftliche Musikwelt S\u00fcdamerikas und brachten die mitrei\u00dfende \u201eMisa a Buenos Aires\u201c des argentinischen Komponisten Mart\u00edn Palmeri auf die B\u00fchne. Erg\u00e4nzt wurde das Programm durch weitere spannende Werke. Ein farbiges, kontrastreiches Programm, das alle Sinne ansprach.<\/span><\/p>\n<p><strong>Nach dem Konzert ist vor dem Konzert:<\/strong><\/p>\n<p><span>Als n\u00e4chstes gr\u00f6\u00dferes Werk studieren wir das <strong>Requiem for the living von Dan Forrest<\/strong> ein.<\/span><\/p>\n<p><span>Du m\u00f6chtest mitsingen? Dann melde dich gerne bei uns unter info@musikverein-wesel.de und erhalte weitere Informationen. Aktuell freuen wir uns besonders \u00fcber Verst\u00e4rkung im Sopran, Tenor und Bass.<\/span><\/p>\n<p><strong>Wir proben donnerstags von 19:00 Uhr bzw. 19:30 Uhr bis 21:30 Uhr in der Aula des AVG (Eingang Bildungszentrum Niederrhein) an der Pastor-van-der-Giet-Stra\u00dfe 1 in Wesel.<\/strong><\/p>\n<h3><span><strong>Wer Lust hat, mal zu einer Schnupperprobe vorbeizukommen, ist herzlich eingeladen!<\/strong><\/span><\/h3>\n<p>Anmeldungen oder Fragen bitte an <span><a href=\"mailto:info@musikverein-wesel.de\">info@musikverein-wesel.de<\/a><a href=\"mailto:info@musikverein-wesel.de,\">\u00a0!<\/a><\/span><\/p>\n<h3>Kleiner R\u00fcckblick<\/h3>\n<h3>Chorkonzerte 2025<\/h3>\n<h3>20.9.2025: Konzert in der Kulturnacht in der Aula der Musik- und Kunstschule unter dem Titel &#8222;From The Beauty Of The Earth&#8220;<\/h3>\n<p>Der Chor des St\u00e4dtischen Musikvereins\u00a0 mit 7 Chorwerken von Bach, Jenkins, Rutter und anderen, z.T. zusammen mit den DudenSingers und DudenVoices anl\u00e4sslich des Weltkindertages<\/p>\n<h3>30.3.2025: Lobgesang von Felix Mendelssohn Bartholdy<\/h3>\n<p>In der Rheinischen Post vom 1.4. stand zu lesen:<\/p>\n<h3>Ovationen f\u00fcr den Musikverein<\/h3>\n<p>Alle, die am Sonntag im gut gef\u00fcllten Willibrordi-Dom Felix Mendelssohn Bartholdys \u201eLobgesang\u201c erleben durften, werden sicher noch lange an diesen Abend und das beeindruckende Konzert des Weseler Musikvereins zur\u00fcckdenken. Mit Lob und Beifall \u00fcbersch\u00fcttet wurden nicht nur die S\u00e4ngerinnen und S\u00e4nger, sondern auch die drei Solisten, die Instrumentalisten und nat\u00fcrlich Chorleiter Stephan Arnold, der das Ensemble vor vier Jahren \u00fcbernommen hatte. Mehrere Monate lang hatten sich die Akteure auf dieses h\u00f6chst anspruchsvolle Konzerterlebnis vorbereitet \u2013 es hat sich gelohnt.<\/p>\n<h3>Chorkonzerte 2024<\/h3>\n<p>Am 15.6. und 16.6.: Hauptwerk war Carl Orffs ber\u00fchmtes Chorwerk Carmina Burana!<\/p>\n<p>Wir sind stolz auf die beiden gelungenen Auff\u00fchrungen!<\/p>\n<h3>Chorkonzert 2023<\/h3>\n<p>Unser letztes Chorkonzert am 11. Juni 2023 in der Martini-Kirche in Wesel:<\/p>\n<p>&#8222;The Latin Jazz Mass&#8220; von Martin V\u00f6llinger. Der Applaus und die sichtbare Begeisterung der Zuh\u00f6rer sprach f\u00fcr sich!<\/p>\n<p>30.9. bis 3.10.:\u00a0 Unsere Chorreise nach Eisenach!\u00a0<span><a href=\"https:\/\/www.musikverein-wesel.de\/?page_id=1976\">Hier der R\u00fcckblick<\/a><\/span><\/p>\n<h3>Chorkonzert 2022<\/h3>\n<p>Mit ein wenig Stolz blicken wir auf unser Konzert am 11. September 2022 zur\u00fcck. Sehr viele Zuh\u00f6rer gratulierten dem Chor zu dieser sehr gelungenen, eindrucksvollen und ber\u00fchrenden Auff\u00fchrung von &#8222;The armed man&#8220; oder &#8222;Mass for peace&#8220; von Karl Jenkins.<\/p>\n<h3>Chorkonzerte 2021<\/h3>\n<p>&#8222;Wir machen Musik&#8220;: Nach genau 6 Proben ein schwungvolles Konzert mit Melodien aus Musical, Operette und Oper im Rahmen der Weseler Kulturnacht<\/p>\n<h3>Chorkonzerte 2020 und 2019<\/h3>\n<p>8. M\u00e4rz 2020: &#8222;I was glad&#8220; &#8211;\u00a0Chormusik aus englischen Kathedralen<\/p>\n<p>12. Mai 2019: &#8222;Liebe, Lust und Leide&#8220; mit den Liebesliederwalzern von J. Brahms und anderen Werken im Konzertsaal des Lutherhauses<\/p>\n<p>21. September 2019: Konzert im Rahmen der Weseler Kulturnacht<\/p>\n<p>16. bis 20. Oktober 2019: Chorreise in die Weseler Partnerstadt Felixstowe<\/p>\n<p>&nbsp;<\/p>\n<h3><a href=\"https:\/\/www.musikverein-wesel.de\/?page_id=1341\" style=\"font-size: 16px;\">Weitere Informationen<\/a><\/h3>\n<p>[\/et_pb_text][\/et_pb_column][\/et_pb_row][et_pb_row admin_label=&#8220;Zeile&#8220; _builder_version=&#8220;3.18.7&#8243; background_size=&#8220;initial&#8220; background_position=&#8220;top_left&#8220; background_repeat=&#8220;repeat&#8220;][et_pb_column type=&#8220;1_2&#8243; _builder_version=&#8220;3.0.47&#8243; parallax=&#8220;off&#8220; parallax_method=&#8220;on&#8220;][et_pb_text admin_label=&#8220;Text&#8220; _builder_version=&#8220;3.18.7&#8243; background_size=&#8220;initial&#8220; background_position=&#8220;top_left&#8220; background_repeat=&#8220;repeat&#8220; use_border_color=&#8220;off&#8220; border_color=&#8220;#ffffff&#8220; border_style=&#8220;solid&#8220;]<\/p>\n<h2 style=\"text-align: justify;\"><a name=\"chor\"><\/a>Weitere Informationen erhalten Sie von<\/h2>\n<p style=\"text-align: justify;\">Karl Schmitz: Telefon 0281 50670 oder 0151 43225164,<br \/> Max Brandt: <span>Telefon 0281 963300 oder 0170 3405521<\/span><br \/> aber auch von jedem anderen Mitglied des Vorstands (s. Verein)<\/p>\n<p style=\"text-align: justify;\">Wir freuen uns darauf, Sie kennenzulernen!<\/p>\n<p style=\"text-align: justify;\"><strong>&#8222;DER MUSIKVEREIN BEWEGT SICH&#8220;,<\/strong><\/p>\n<p style=\"text-align: justify;\">so lautet ein Motto des Vereins und des Chores. Damit\u00a0meinen wir die stets notwendige Wandlung unseres Konzertprogramms aber auch die Bewegung zu anderen Orten.<\/p>\n<p style=\"text-align: justify;\">Unsere mehrt\u00e4gigen Chorfahrten f\u00fchrten uns in den letzten 18 Jahren nach Nordhessen, Trier, Montepulciano, Prag, Felixstowe und Eisenach!<\/p>\n<p style=\"text-align: justify;\">Am 16. Oktober 2019 machte sich der Chor des St\u00e4dtischen Musikvereins Wesel mit Freunden und Verwandten auf den Weg zu unserer englischen Partnerstadt nach Felixstowe. Es hat sich gelohnt!<\/p>\n<p style=\"text-align: justify;\">[\/et_pb_text][\/et_pb_column][et_pb_column type=&#8220;1_2&#8243; _builder_version=&#8220;3.0.47&#8243; parallax=&#8220;off&#8220; parallax_method=&#8220;on&#8220;][et_pb_text admin_label=&#8220;Text&#8220; _builder_version=&#8220;3.18.7&#8243; background_size=&#8220;initial&#8220; background_position=&#8220;top_left&#8220; background_repeat=&#8220;repeat&#8220; use_border_color=&#8220;off&#8220; border_color=&#8220;#ffffff&#8220; border_style=&#8220;solid&#8220;]<\/p>\n<h3>Geben Sie uns Ihre Stimme!<\/h3>\n<p style=\"text-align: justify;\">Unser\u00a0Chor\u00a0mit\u00a0circa\u00a060 S\u00e4ngerinnen und S\u00e4ngern bringt\u00a0geistliche und weltliche Chormusik zur Auff\u00fchrung. Ein bis zweimal im Jahr ist der Willibrordi-Dom in Wesel der festliche Auff\u00fchrungsort f\u00fcr besondere bekannte geistliche \u00a0und oft auch weniger bekannte Chorwerke Aber auch an anderen Orten wie im Konzertsaal des Lutherhauses oder in der Aula der Musik- und Kunstschule singen wir Werke aus dem Bereich der weltlichen Literatur . Haben Sie T\u00f6ne? Singen sie mit!\u00a0<span style=\"color: #000000;\"><strong>Sie sind herzlich willkommen!<\/strong><\/span><\/p>\n<p class=\"block\" style=\"text-align: justify;\">Unsere Proben finden regelm\u00e4\u00dfig w\u00e4hrend der Schulzeit in der <span style=\"text-decoration: underline;\">Aula an der Pastor-van-der-Giet-Stra\u00dfe 1<\/span> donnerstags in der Zeit von 19:15 bis 21:30\u00a0Uhr statt. (Sondertermine finden Sie durch den Button Termine.)<\/p>\n<p class=\"block\" style=\"text-align: justify;\"><span style=\"font-size: 14px; text-align: left;\"><a href='https:\/\/www.musikverein-wesel.de\/?page_id=1493' class='small-button smallsilver'>Unser Chorleiter<\/a><\/span><\/p>\n<p class=\"block\" style=\"text-align: justify;\"><a href='https:\/\/www.musikverein-wesel.de\/?page_id=1663' class='small-button smallsilver'>Aufgef\u00fchrte Chorwerke<\/a><\/p>\n<p class=\"block\" style=\"text-align: justify;\"><a href='https:\/\/www.musikverein-wesel.de\/?page_id=1976%20' class='small-button smallsilver' target=\"_blank\">Chorfahrten<\/a><\/p>\n<p>[\/et_pb_text][\/et_pb_column][\/et_pb_row][et_pb_row admin_label=&#8220;Zeile&#8220; _builder_version=&#8220;3.0.48&#8243; background_size=&#8220;initial&#8220; background_position=&#8220;top_left&#8220; background_repeat=&#8220;repeat&#8220;][et_pb_column type=&#8220;1_2&#8243; _builder_version=&#8220;3.0.47&#8243; parallax=&#8220;off&#8220; parallax_method=&#8220;on&#8220;][et_pb_image src=&#8220;https:\/\/www.musikverein-wesel.de\/wp-content\/uploads\/2016\/08\/Zelter.jpg&#8220; align=&#8220;center&#8220; admin_label=&#8220;Bild&#8220; _builder_version=&#8220;3.0.87&#8243; animation_style=&#8220;slide&#8220; animation_direction=&#8220;left&#8220; animation_duration=&#8220;500ms&#8220; animation_intensity_slide=&#8220;10%&#8220; animation=&#8220;left&#8220; sticky=&#8220;off&#8220; use_border_color=&#8220;off&#8220; border_color=&#8220;#ffffff&#8220; border_style=&#8220;solid&#8220;]&nbsp;<\/p>\n<p class=\"block\" style=\"text-align: justify;\">[\/et_pb_image][\/et_pb_column][et_pb_column type=&#8220;1_2&#8243; _builder_version=&#8220;3.0.47&#8243; parallax=&#8220;off&#8220; parallax_method=&#8220;on&#8220;][et_pb_text admin_label=&#8220;Text&#8220; _builder_version=&#8220;3.0.87&#8243; background_size=&#8220;initial&#8220; background_position=&#8220;top_left&#8220; background_repeat=&#8220;repeat&#8220; use_border_color=&#8220;off&#8220; border_color=&#8220;#ffffff&#8220; border_style=&#8220;solid&#8220;]<span style=\"font-size: large;\"><b>ZELTER-Plakette f\u00fcr den Chor des St\u00e4dtischen Musikvereins<\/b><\/span><\/p>\n<p style=\"text-align: justify;\">Schon 2012 feierte der St\u00e4dtische Musikverein e.V. sein 100-j\u00e4hriges Jubil\u00e4um. Jetzt erhielt der Chor die ZELTER-Plakette, durch die der Bundespr\u00e4sident Ch\u00f6re auszeichnet, \u201edie sich in langj\u00e4hrigem Wirken besondere Verdienste um die Pflege der Chormusik und des deutschen Volksliedes und damit um die F\u00f6rderung des kulturellen Lebens erworben haben&#8220;.<\/p>\n<p style=\"text-align: justify;\">Am Sonntag fuhr eine Abordnung des Chores nach Wuppertal, um ZELTER &#8211; Plakette und Urkunde von Dr. Hildegard Kaluza, Abteilungsleiterin Kultur im Ministerium f\u00fcr Familie, Kinder, Jugend, Kultur und Sport des Landes Nordrhein-Westfalen entgegenzunehmen. Im Rahmen eines Festaktes in der Historischen Stadthalle Wuppertal wurden 7 Ch\u00f6re ausgezeichnet. Der Chorverband NRW mit seinem Bergischen Chorverband Solingen-Wuppertal hatte die Ausrichtung des diesj\u00e4hrigen Festaktes \u00fcbernommen und f\u00fcr ein vielseitiges Musikproramm gesorgt: Das \u201eSax for Fun Konzertorchester\u201c, die \u201eMandolinen Konzertgesellschaft Wuppertal e.V.\u201c und der \u201eChor der Ehemaligen\u201c der ChorAkademie Bergisch-Land e.V. sorgten f\u00fcr den musikalischen Rahmen der Veranstaltung. Der Oberb\u00fcrgermeister der Stadt Wuppertal, Andreas Mucke und die Vizepr\u00e4sidentin des Landesmusikrats NRW e.V. und Vorsitzende der Arbeitsgemeinschaft Laienmusik, Regina van Dinther, sprachen Gru\u00dfworte.<\/p>\n<p style=\"text-align: justify;\">Frau Dr. Kaluza gratulierte den Ch\u00f6ren und betonte, welch \u201ewichtigen Beitrag die Laienmusik zum kulturellen Leben, zur kulturellen Bildung, zur Pers\u00f6nlichkeitsentwicklung und zum gesellschaftlichen Zusammenhalt in der Gesellschaft leistet\u201c. Als besondere Leistung hob sie hervor, dass in den geehrten Vereinen das Chorleben \u00fcber eine so lange Zeit erfolgreich mit Leben erf\u00fcllt wurde und immer wieder neue Mitglieder f\u00fcr das kulturelle Engagement begeistert und gewonnen wurden.<\/p>\n<p class=\"block\" style=\"text-align: justify;\">\n<p class=\"block\" style=\"text-align: justify;\">[\/et_pb_text][\/et_pb_column][\/et_pb_row][et_pb_row admin_label=&#8220;Zeile&#8220; _builder_version=&#8220;3.0.48&#8243; background_size=&#8220;initial&#8220; background_position=&#8220;top_left&#8220; background_repeat=&#8220;repeat&#8220;][et_pb_column type=&#8220;4_4&#8243; _builder_version=&#8220;3.0.47&#8243; parallax=&#8220;off&#8220; parallax_method=&#8220;on&#8220;][et_pb_gallery gallery_ids=&#8220;4835,4836,4837,5907,5908,5909&#8243; fullwidth=&#8220;on&#8220; admin_label=&#8220;Galerie&#8220; _builder_version=&#8220;3.18.7&#8243; caption_all_caps=&#8220;off&#8220; auto=&#8220;on&#8220; auto_speed=&#8220;5000&#8243; use_border_color=&#8220;off&#8220; border_color=&#8220;#ffffff&#8220; border_style=&#8220;solid&#8220;]&nbsp;<\/p>\n<p class=\"block\" style=\"text-align: justify;\">[\/et_pb_gallery][\/et_pb_column][\/et_pb_row][et_pb_row admin_label=&#8220;Zeile&#8220; _builder_version=&#8220;3.0.48&#8243; background_size=&#8220;initial&#8220; background_position=&#8220;top_left&#8220; background_repeat=&#8220;repeat&#8220;][et_pb_column type=&#8220;4_4&#8243; _builder_version=&#8220;3.0.47&#8243; parallax=&#8220;off&#8220; parallax_method=&#8220;on&#8220;][et_pb_contact_form captcha=&#8220;off&#8220; email=&#8220;info@musikverein-wesel.de&#8220; admin_label=&#8220;Kontaktformular&#8220; _builder_version=&#8220;3.0.87&#8243; border_radii=&#8220;on|0px|0px|0px|0px&#8220; use_border_color=&#8220;off&#8220; border_color=&#8220;#ffffff&#8220; border_style=&#8220;solid&#8220; input_border_radius=&#8220;0&#8243; button_letter_spacing_hover=&#8220;0&#8243;][et_pb_contact_field field_id=&#8220;Name&#8220; field_title=&#8220;Name&#8220; _builder_version=&#8220;3.16&#8243; border_radii=&#8220;on||||&#8220; button_text_size__hover_enabled=&#8220;off&#8220; button_one_text_size__hover_enabled=&#8220;off&#8220; button_two_text_size__hover_enabled=&#8220;off&#8220; button_text_color__hover_enabled=&#8220;off&#8220; button_one_text_color__hover_enabled=&#8220;off&#8220; button_two_text_color__hover_enabled=&#8220;off&#8220; button_border_width__hover_enabled=&#8220;off&#8220; button_one_border_width__hover_enabled=&#8220;off&#8220; button_two_border_width__hover_enabled=&#8220;off&#8220; button_border_color__hover_enabled=&#8220;off&#8220; button_one_border_color__hover_enabled=&#8220;off&#8220; button_two_border_color__hover_enabled=&#8220;off&#8220; button_border_radius__hover_enabled=&#8220;off&#8220; button_one_border_radius__hover_enabled=&#8220;off&#8220; button_two_border_radius__hover_enabled=&#8220;off&#8220; button_letter_spacing__hover_enabled=&#8220;off&#8220; button_one_letter_spacing__hover_enabled=&#8220;off&#8220; button_two_letter_spacing__hover_enabled=&#8220;off&#8220; button_bg_color__hover_enabled=&#8220;off&#8220; button_one_bg_color__hover_enabled=&#8220;off&#8220; button_two_bg_color__hover_enabled=&#8220;off&#8220;][\/et_pb_contact_field][et_pb_contact_field field_id=&#8220;Email&#8220; field_title=&#8220;E-Mail-Adresse&#8220; field_type=&#8220;email&#8220; _builder_version=&#8220;3.16&#8243; border_radii=&#8220;on||||&#8220; button_text_size__hover_enabled=&#8220;off&#8220; button_one_text_size__hover_enabled=&#8220;off&#8220; button_two_text_size__hover_enabled=&#8220;off&#8220; button_text_color__hover_enabled=&#8220;off&#8220; button_one_text_color__hover_enabled=&#8220;off&#8220; button_two_text_color__hover_enabled=&#8220;off&#8220; button_border_width__hover_enabled=&#8220;off&#8220; button_one_border_width__hover_enabled=&#8220;off&#8220; button_two_border_width__hover_enabled=&#8220;off&#8220; button_border_color__hover_enabled=&#8220;off&#8220; button_one_border_color__hover_enabled=&#8220;off&#8220; button_two_border_color__hover_enabled=&#8220;off&#8220; button_border_radius__hover_enabled=&#8220;off&#8220; button_one_border_radius__hover_enabled=&#8220;off&#8220; button_two_border_radius__hover_enabled=&#8220;off&#8220; button_letter_spacing__hover_enabled=&#8220;off&#8220; button_one_letter_spacing__hover_enabled=&#8220;off&#8220; button_two_letter_spacing__hover_enabled=&#8220;off&#8220; button_bg_color__hover_enabled=&#8220;off&#8220; button_one_bg_color__hover_enabled=&#8220;off&#8220; button_two_bg_color__hover_enabled=&#8220;off&#8220;][\/et_pb_contact_field][et_pb_contact_field field_id=&#8220;Message&#8220; field_title=&#8220;Nachricht&#8220; field_type=&#8220;text&#8220; _builder_version=&#8220;3.16&#8243; border_radii=&#8220;on||||&#8220; button_text_size__hover_enabled=&#8220;off&#8220; button_one_text_size__hover_enabled=&#8220;off&#8220; button_two_text_size__hover_enabled=&#8220;off&#8220; button_text_color__hover_enabled=&#8220;off&#8220; button_one_text_color__hover_enabled=&#8220;off&#8220; button_two_text_color__hover_enabled=&#8220;off&#8220; button_border_width__hover_enabled=&#8220;off&#8220; button_one_border_width__hover_enabled=&#8220;off&#8220; button_two_border_width__hover_enabled=&#8220;off&#8220; button_border_color__hover_enabled=&#8220;off&#8220; button_one_border_color__hover_enabled=&#8220;off&#8220; button_two_border_color__hover_enabled=&#8220;off&#8220; button_border_radius__hover_enabled=&#8220;off&#8220; button_one_border_radius__hover_enabled=&#8220;off&#8220; button_two_border_radius__hover_enabled=&#8220;off&#8220; button_letter_spacing__hover_enabled=&#8220;off&#8220; button_one_letter_spacing__hover_enabled=&#8220;off&#8220; button_two_letter_spacing__hover_enabled=&#8220;off&#8220; button_bg_color__hover_enabled=&#8220;off&#8220; button_one_bg_color__hover_enabled=&#8220;off&#8220; button_two_bg_color__hover_enabled=&#8220;off&#8220;][\/et_pb_contact_field][\/et_pb_contact_form][\/et_pb_column][\/et_pb_row][\/et_pb_section]<\/p>\n","protected":false},"excerpt":{"rendered":"<p>[et_pb_section fb_built=&#8220;1&#8243; custom_padding_last_edited=&#8220;on|desktop&#8220; admin_label=&#8220;Sektion&#8220; _builder_version=&#8220;3.18.7&#8243; background_color=&#8220;rgba(255,255,255,0)&#8220; custom_padding_tablet=&#8220;50px|0|50px|0&#8243; transparent_background=&#8220;on&#8220; padding_mobile=&#8220;off&#8220;][et_pb_row admin_label=&#8220;Zeile&#8220; _builder_version=&#8220;3.18.7&#8243; background_size=&#8220;initial&#8220; background_position=&#8220;top_left&#8220; background_repeat=&#8220;repeat&#8220;][et_pb_column type=&#8220;4_4&#8243; _builder_version=&#8220;3.0.47&#8243; parallax=&#8220;off&#8220; parallax_method=&#8220;on&#8220;][et_pb_image src=&#8220;https:\/\/www.musikverein-wesel.de\/wp-content\/uploads\/2024\/06\/2024.06.16ema032-Kopie-scaled.jpg&#8220; _builder_version=&#8220;3.18.7&#8243;][\/et_pb_image][\/et_pb_column][\/et_pb_row][et_pb_row admin_label=&#8220;Zeile&#8220; _builder_version=&#8220;3.18.7&#8243; background_size=&#8220;initial&#8220; background_position=&#8220;top_left&#8220; background_repeat=&#8220;repeat&#8220;][et_pb_column type=&#8220;4_4&#8243; _builder_version=&#8220;3.0.47&#8243; parallax=&#8220;off&#8220; parallax_method=&#8220;on&#8220;][et_pb_gallery gallery_ids=&#8220;5201,5200,5199,5198,5197,5196,5179,5178,5177,5176,5175,5174,5173,5172,5171,5170,5169,5168,5167,5166,5165,5164,5161&#8243; show_title_and_caption=&#8220;off&#8220; show_pagination=&#8220;off&#8220; _builder_version=&#8220;3.18.7&#8243; animation_style=&#8220;slide&#8220;][\/et_pb_gallery][\/et_pb_column][\/et_pb_row][et_pb_row admin_label=&#8220;Zeile&#8220; _builder_version=&#8220;3.18.7&#8243; background_size=&#8220;initial&#8220; background_position=&#8220;top_left&#8220; background_repeat=&#8220;repeat&#8220;][et_pb_column type=&#8220;2_5&#8243; _builder_version=&#8220;3.0.47&#8243; parallax=&#8220;off&#8220; parallax_method=&#8220;on&#8220;][et_pb_image src=&#8220;https:\/\/www.musikverein-wesel.de\/wp-content\/uploads\/2026\/03\/Chor-gesamt-Misatango-scaled.jpg&#8220; show_in_lightbox=&#8220;on&#8220; force_fullwidth=&#8220;on&#8220; _builder_version=&#8220;3.18.7&#8243;][\/et_pb_image][et_pb_image src=&#8220;https:\/\/www.musikverein-wesel.de\/wp-content\/uploads\/2026\/01\/Rueckseite-druck-2mm-scaled.png&#8220; show_in_lightbox=&#8220;on&#8220; force_fullwidth=&#8220;on&#8220; _builder_version=&#8220;3.18.7&#8243;][\/et_pb_image][et_pb_image src=&#8220;https:\/\/www.musikverein-wesel.de\/wp-content\/uploads\/2023\/03\/c2e92fd1-af2a-4785-a1c1-72619e62b32b-1.jpg&#8220; show_in_lightbox=&#8220;on&#8220; force_fullwidth=&#8220;on&#8220; _builder_version=&#8220;3.18.7&#8243;][\/et_pb_image][et_pb_image [&hellip;]<\/p>\n","protected":false},"author":1,"featured_media":0,"parent":0,"menu_order":0,"comment_status":"closed","ping_status":"closed","template":"","meta":{"_et_pb_use_builder":"on","_et_pb_old_content":"","footnotes":""},"class_list":["post-1341","page","type-page","status-publish","hentry"],"_links":{"self":[{"href":"https:\/\/www.musikverein-wesel.de\/index.php?rest_route=\/wp\/v2\/pages\/1341","targetHints":{"allow":["GET"]}}],"collection":[{"href":"https:\/\/www.musikverein-wesel.de\/index.php?rest_route=\/wp\/v2\/pages"}],"about":[{"href":"https:\/\/www.musikverein-wesel.de\/index.php?rest_route=\/wp\/v2\/types\/page"}],"author":[{"embeddable":true,"href":"https:\/\/www.musikverein-wesel.de\/index.php?rest_route=\/wp\/v2\/users\/1"}],"replies":[{"embeddable":true,"href":"https:\/\/www.musikverein-wesel.de\/index.php?rest_route=%2Fwp%2Fv2%2Fcomments&post=1341"}],"version-history":[{"count":308,"href":"https:\/\/www.musikverein-wesel.de\/index.php?rest_route=\/wp\/v2\/pages\/1341\/revisions"}],"predecessor-version":[{"id":6247,"href":"https:\/\/www.musikverein-wesel.de\/index.php?rest_route=\/wp\/v2\/pages\/1341\/revisions\/6247"}],"wp:attachment":[{"href":"https:\/\/www.musikverein-wesel.de\/index.php?rest_route=%2Fwp%2Fv2%2Fmedia&parent=1341"}],"curies":[{"name":"wp","href":"https:\/\/api.w.org\/{rel}","templated":true}]}}