{"id":3035,"date":"2019-03-31T14:54:14","date_gmt":"2019-03-31T12:54:14","guid":{"rendered":"http:\/\/www.musikverein-wesel.de\/?page_id=3035"},"modified":"2026-03-31T22:42:19","modified_gmt":"2026-03-31T20:42:19","slug":"3035-2","status":"publish","type":"page","link":"https:\/\/www.musikverein-wesel.de\/?page_id=3035","title":{"rendered":"Termine"},"content":{"rendered":"<p>[et_pb_section fb_built=&#8220;1&#8243; _builder_version=&#8220;3.18.7&#8243;][et_pb_row custom_padding=&#8220;27px|0px|30px|0px|false|false&#8220; _builder_version=&#8220;3.18.7&#8243;][et_pb_column type=&#8220;4_4&#8243; _builder_version=&#8220;3.18.7&#8243; parallax=&#8220;off&#8220; parallax_method=&#8220;on&#8220;][et_pb_text _builder_version=&#8220;3.18.7&#8243; text_font=&#8220;||||||||&#8220; inline_fonts=&#8220;Georgia&#8220;]<\/p>\n<h2>\u00dcbersicht \u00fcber wichtige aktuelle Termine!<\/h2>\n<h2>Die speziellen Termine f\u00fcr die Chorproben mit Stimmbildung werden per E-Mail \u00fcber den Chorrufer (Rundbrief jeden Dienstag vor der Probe am Donnerstag) mitgeteilt.<\/h2>\n<table cellspacing=\"0\" cellpadding=\"0\" style=\"width: 900px; height: 228px;\" height=\"228\">\n<tbody>\n<tr style=\"height: 36px;\">\n<td valign=\"top\" style=\"width: 115.938px; height: 36px;\"><span face=\"Helvetica Neue\" size=\"3\" color=\"#000000\" style=\"color: #000000; font-family: 'Helvetica Neue'; font-size: medium;\"><b>Datum<\/b><\/span><\/td>\n<td valign=\"top\" style=\"width: 373.516px; height: 36px;\"><span face=\"Helvetica Neue\" size=\"3\" color=\"#000000\" style=\"color: #000000; font-family: 'Helvetica Neue'; font-size: medium;\"><b>Ereignis<\/b><\/span><\/td>\n<td valign=\"top\" style=\"width: 195.188px; height: 36px;\"><span face=\"Helvetica Neue\" size=\"3\" color=\"#000000\" style=\"color: #000000; font-family: 'Helvetica Neue'; font-size: medium;\"><b>Ort<\/b><\/span><\/td>\n<td valign=\"top\" style=\"width: 205.359px; height: 36px;\"><span face=\"Helvetica Neue\" size=\"3\" color=\"#000000\" style=\"color: #000000; font-family: 'Helvetica Neue'; font-size: medium;\"><b>Uhrzeit<\/b><\/span><\/td>\n<\/tr>\n<tr style=\"height: 80.3281px;\">\n<td valign=\"top\" style=\"width: 115.938px; height: 80.3281px;\">\n<p><span color=\"#000000\" face=\"Helvetica Neue\" size=\"3\" style=\"color: #339966;\">Jeden Donnerstag<\/span><\/p>\n<p><span color=\"#000000\" face=\"Helvetica Neue\" size=\"3\" style=\"color: #339966;\">(in der Regel au\u00dferhalb der Schulferien)<\/span><\/p>\n<\/td>\n<td valign=\"top\" style=\"width: 373.516px; height: 80.3281px;\">\n<p><span style=\"color: #339966;\">Chorproben des St\u00e4dtischen Musikvereins Wesel (Leitung Stephan Arnold)<\/span><\/p>\n<p><span style=\"color: #339966;\">Anmeldung f\u00fcr Interessenten \u00fcber <a href=\"mailto:info@musikverein-wesel.de,\" style=\"color: #339966;\">info@musikverein-wesel.de<\/a><\/span><\/p>\n<\/td>\n<td valign=\"top\" style=\"width: 195.188px; height: 80.3281px;\">\n<p><span style=\"font-size: 14px; caret-color: #339966; color: #339966;\">Aula an der Pastor-van-der-Giet-Stra\u00dfe 1<\/span><\/p>\n<\/td>\n<td valign=\"top\" style=\"width: 205.359px; height: 80.3281px;\">\n<p><span style=\"color: #339966;\">19:00 bzw.19:30 Uhr bis 21:30 Uhr<\/span><\/p>\n<p>&nbsp;<\/p>\n<\/td>\n<\/tr>\n<\/tbody>\n<\/table>\n<p>[\/et_pb_text][\/et_pb_column][\/et_pb_row][et_pb_row _builder_version=&#8220;3.18.7&#8243;][et_pb_column type=&#8220;4_4&#8243; _builder_version=&#8220;3.18.7&#8243; parallax=&#8220;off&#8220; parallax_method=&#8220;on&#8220;][et_pb_text _builder_version=&#8220;3.18.7&#8243;]<\/p>\n<h2 class=\"western\"><span>26. Weseler Klaviersommer 2026!<\/span><\/h2>\n<h2>Nach dem Jubil\u00e4um geht es wie gewohnt weiter!<\/h2>\n<h3><span>Alle Konzerte finden in der Aula der Musik- und Kunstschule statt!<\/span><\/h3>\n<p><strong>Die Termine f\u00fcr 2026 stehen fest!<\/strong><\/p>\n<table border=\"0\" cellspacing=\"0\">\n<colgroup width=\"127\"><\/colgroup>\n<colgroup width=\"92\"><\/colgroup>\n<colgroup width=\"115\"><\/colgroup>\n<colgroup width=\"101\"><\/colgroup>\n<colgroup width=\"139\"><\/colgroup>\n<colgroup width=\"115\"><\/colgroup>\n<tbody>\n<tr>\n<td align=\"right\" height=\"18\" style=\"width: 123px;\"><span>10.05.2026<\/span><\/td>\n<td align=\"left\" style=\"width: 88px;\"><span>Sonntag<\/span><\/td>\n<td align=\"left\" style=\"width: 111px;\"><span>Aula der Musik- und Kunstschule<\/span><\/td>\n<td align=\"left\" style=\"width: 97px;\"><span>\u00a0<\/span><\/td>\n<td align=\"left\" style=\"width: 135px;\"><span>\u00a0<\/span><\/td>\n<td align=\"left\" style=\"width: 111px;\"><span>18 Uhr<\/span><\/td>\n<\/tr>\n<tr>\n<td align=\"right\" height=\"18\" style=\"width: 123px;\"><span>21.06.2025<\/span><\/td>\n<td align=\"left\" style=\"width: 88px;\"><span>Sonntag<\/span><\/td>\n<td align=\"left\" style=\"width: 111px;\"><span>Aula der Musik- und Kunstschule<\/span><\/td>\n<td align=\"left\" style=\"width: 97px;\"><span>\u00a0<\/span><\/td>\n<td align=\"left\" style=\"width: 135px;\"><span>\u00a0<\/span><\/td>\n<td align=\"left\" style=\"width: 111px;\"><span>18 Uhr<\/span><\/td>\n<\/tr>\n<tr>\n<td align=\"right\" height=\"18\" style=\"width: 123px;\"><span>19.07.2026<\/span><\/td>\n<td align=\"left\" style=\"width: 88px;\"><span>Sonntag<\/span><\/td>\n<td align=\"left\" style=\"width: 111px;\"><span>Aula der Musik- und Kunstschule<\/span><\/td>\n<td align=\"left\" style=\"width: 97px;\"><span>\u00a0<\/span><\/td>\n<td align=\"left\" style=\"width: 135px;\"><span>\u00a0<\/span><\/td>\n<td align=\"left\" style=\"width: 111px;\"><span>18 Uhr<\/span><\/td>\n<\/tr>\n<tr>\n<td align=\"right\" height=\"18\" style=\"width: 123px;\"><span>30.08.2026<\/span><\/td>\n<td align=\"left\" style=\"width: 88px;\"><span>Sonntag<\/span><\/td>\n<td align=\"left\" style=\"width: 111px;\"><span>Aula der Musik- und Kunstschule<\/span><\/td>\n<td align=\"left\" style=\"width: 97px;\"><span>\u00a0<\/span><\/td>\n<td align=\"left\" style=\"width: 135px;\"><span>\u00a0<\/span><\/td>\n<td align=\"left\" style=\"width: 111px;\"><span>18 Uhr<\/span><\/td>\n<\/tr>\n<\/tbody>\n<\/table>\n<p><span>Beginn: 18 Uhr<\/span><\/p>\n<p><span>Karten gibt es nur an der Abendkasse! Kinder und Jugendliche haben freien Eintritt!<\/span><\/p>\n<p>[\/et_pb_text][\/et_pb_column][\/et_pb_row][et_pb_row _builder_version=&#8220;3.18.7&#8243;][et_pb_column type=&#8220;4_4&#8243; _builder_version=&#8220;3.18.7&#8243; parallax=&#8220;off&#8220; parallax_method=&#8220;on&#8220;][et_pb_text _builder_version=&#8220;3.18.7&#8243;]<\/p>\n<h2 class=\"western\">Die Konzerte der Saison 2025-26 im B\u00fchnenhaus!<\/h2>\n<table cellspacing=\"0\" border=\"0\" style=\"width: 508px;\" height=\"1218\">\n<colgroup span=\"2\" width=\"92\"><\/colgroup>\n<colgroup width=\"183\"><\/colgroup>\n<colgroup width=\"92\"><\/colgroup>\n<tbody>\n<tr>\n<td height=\"18\" align=\"left\" style=\"width: 112.344px;\"><strong>Datum<\/strong><\/td>\n<td align=\"left\" style=\"width: 174.734px;\"><strong>Titel<\/strong><\/td>\n<td align=\"left\" style=\"width: 127.578px;\"><b>Beginn<\/b><\/td>\n<\/tr>\n<tr>\n<td height=\"18\" align=\"right\" sdval=\"45919\" sdnum=\"1031;0;TT.MM.JJ\" style=\"width: 112.344px;\">19.09.25<\/td>\n<td align=\"left\" style=\"width: 174.734px;\"><b>Orchester im Wandel<\/b><\/td>\n<td align=\"left\" style=\"width: 127.578px;\">19.30 Uhr<\/td>\n<\/tr>\n<tr>\n<td height=\"18\" align=\"left\" style=\"width: 112.344px;\"><\/td>\n<td align=\"left\" style=\"width: 174.734px;\">Neue Philharmonie Westfalen (NPW)<\/td>\n<td align=\"left\" style=\"width: 127.578px;\"><\/td>\n<\/tr>\n<tr>\n<td height=\"18\" align=\"left\" style=\"width: 112.344px;\"><\/td>\n<td align=\"left\" style=\"width: 174.734px;\">Dirigent: Rasmus Baumann<\/td>\n<td align=\"left\" style=\"width: 127.578px;\"><\/td>\n<\/tr>\n<tr>\n<td height=\"18\" align=\"left\" style=\"width: 112.344px;\"><\/td>\n<td align=\"left\" style=\"width: 174.734px;\">Schlagzeug: Vivi Vassileva<\/td>\n<td align=\"left\" style=\"width: 127.578px;\"><\/td>\n<\/tr>\n<tr>\n<td height=\"18\" align=\"left\" style=\"width: 112.344px;\"><\/td>\n<td align=\"left\" style=\"width: 174.734px;\"><\/td>\n<td align=\"left\" style=\"width: 127.578px;\"><\/td>\n<\/tr>\n<tr>\n<td height=\"18\" align=\"right\" sdval=\"45983\" sdnum=\"1031;0;TT.MM.JJ\" style=\"width: 112.344px;\">22.11.25<\/td>\n<td align=\"left\" style=\"width: 174.734px;\"><b>Duo Concento<\/b><\/td>\n<td align=\"left\" style=\"width: 127.578px;\">19.30 Uhr<\/td>\n<\/tr>\n<tr>\n<td height=\"18\" align=\"left\" style=\"width: 112.344px;\"><\/td>\n<td align=\"left\" style=\"width: 174.734px;\">Harfe und Fl\u00f6te<\/td>\n<td align=\"left\" style=\"width: 127.578px;\"><\/td>\n<\/tr>\n<tr>\n<td height=\"18\" align=\"left\" style=\"width: 112.344px;\"><\/td>\n<td align=\"left\" style=\"width: 174.734px;\"><\/td>\n<td align=\"left\" style=\"width: 127.578px;\"><\/td>\n<\/tr>\n<tr>\n<td height=\"18\" align=\"right\" sdval=\"46004\" sdnum=\"1031;0;TT.MM.JJ\" style=\"width: 112.344px;\">13.12.25<\/td>\n<td align=\"left\" style=\"width: 174.734px;\"><b>R\u00e4tsel<\/b><\/td>\n<td align=\"left\" style=\"width: 127.578px;\">19.30 Uhr<\/td>\n<\/tr>\n<tr>\n<td height=\"18\" align=\"left\" style=\"width: 112.344px;\"><\/td>\n<td align=\"left\" style=\"width: 174.734px;\">Neue Philharmonie Westfalen (NPW)<\/td>\n<td align=\"left\" style=\"width: 127.578px;\"><\/td>\n<\/tr>\n<tr>\n<td height=\"18\" align=\"left\" style=\"width: 112.344px;\"><\/td>\n<td align=\"left\" style=\"width: 174.734px;\">Dirigent: Mihkel Kuethson<\/td>\n<td align=\"left\" style=\"width: 127.578px;\"><\/td>\n<\/tr>\n<tr>\n<td height=\"18\" align=\"left\" style=\"width: 112.344px;\"><\/td>\n<td align=\"left\" style=\"width: 174.734px;\">Klavier: Herbert Schuch<\/td>\n<td align=\"left\" style=\"width: 127.578px;\"><\/td>\n<\/tr>\n<tr>\n<td height=\"18\" align=\"left\" style=\"width: 112.344px;\"><\/td>\n<td align=\"left\" style=\"width: 174.734px;\"><\/td>\n<td align=\"left\" style=\"width: 127.578px;\"><\/td>\n<\/tr>\n<tr>\n<td height=\"18\" align=\"right\" sdval=\"46038\" sdnum=\"1031;0;TT.MM.JJ\" style=\"width: 112.344px;\">16.01.26<\/td>\n<td align=\"left\" style=\"width: 174.734px;\"><b>Querbach<\/b><\/td>\n<td align=\"left\" style=\"width: 127.578px;\">19.30 Uhr<\/td>\n<\/tr>\n<tr>\n<td height=\"18\" align=\"left\" style=\"width: 112.344px;\"><\/td>\n<td align=\"left\" style=\"width: 174.734px;\">Slixs-Vocalensemble<\/td>\n<td align=\"left\" style=\"width: 127.578px;\"><\/td>\n<\/tr>\n<tr>\n<td height=\"18\" align=\"left\" style=\"width: 112.344px;\"><\/td>\n<td align=\"left\" style=\"width: 174.734px;\"><\/td>\n<td align=\"left\" style=\"width: 127.578px;\"><\/td>\n<\/tr>\n<tr>\n<td height=\"18\" align=\"right\" sdval=\"46059\" sdnum=\"1031;0;TT.MM.JJ\" style=\"width: 112.344px;\">06.02.26<\/td>\n<td align=\"left\" style=\"width: 174.734px;\"><b>Beziehungen<\/b><\/td>\n<td align=\"left\" style=\"width: 127.578px;\">19.30 Uhr<\/td>\n<\/tr>\n<tr>\n<td height=\"18\" align=\"left\" style=\"width: 112.344px;\"><\/td>\n<td align=\"left\" style=\"width: 174.734px;\">Neue Philharmonie Westfalen (NPW)<\/td>\n<td align=\"left\" style=\"width: 127.578px;\"><\/td>\n<\/tr>\n<tr>\n<td height=\"18\" align=\"left\" style=\"width: 112.344px;\"><\/td>\n<td align=\"left\" style=\"width: 174.734px;\">Dirigent: N.N.<\/td>\n<td align=\"left\" style=\"width: 127.578px;\"><\/td>\n<\/tr>\n<tr>\n<td height=\"18\" align=\"left\" style=\"width: 112.344px;\"><\/td>\n<td align=\"left\" style=\"width: 174.734px;\">Cello: Raphaela Gromes<\/td>\n<td align=\"left\" style=\"width: 127.578px;\"><\/td>\n<\/tr>\n<tr>\n<td height=\"18\" align=\"left\" style=\"width: 112.344px;\"><\/td>\n<td align=\"left\" style=\"width: 174.734px;\"><\/td>\n<td align=\"left\" style=\"width: 127.578px;\"><\/td>\n<\/tr>\n<tr>\n<td height=\"18\" align=\"right\" sdval=\"46080\" sdnum=\"1031;0;TT.MM.JJ\" style=\"width: 112.344px;\">27.02.26<\/td>\n<td align=\"left\" style=\"width: 174.734px;\"><b>Sch\u00f6ne Welt, wo bist Du?<\/b><\/td>\n<td align=\"left\" style=\"width: 127.578px;\">19.30 Uhr<\/td>\n<\/tr>\n<tr>\n<td height=\"18\" align=\"left\" style=\"width: 112.344px;\"><\/td>\n<td align=\"left\" style=\"width: 174.734px;\">Ludwig Mittelhammer<\/td>\n<td align=\"left\" style=\"width: 127.578px;\"><\/td>\n<\/tr>\n<tr>\n<td height=\"18\" align=\"left\" style=\"width: 112.344px;\"><\/td>\n<td align=\"left\" style=\"width: 174.734px;\">Franziska H\u00f6lscher<\/td>\n<td align=\"left\" style=\"width: 127.578px;\"><\/td>\n<\/tr>\n<tr>\n<td height=\"18\" align=\"left\" style=\"width: 112.344px;\"><\/td>\n<td align=\"left\" style=\"width: 174.734px;\">Harriet Krijgh<\/td>\n<td align=\"left\" style=\"width: 127.578px;\"><\/td>\n<\/tr>\n<tr>\n<td height=\"18\" align=\"left\" style=\"width: 112.344px;\"><\/td>\n<td align=\"left\" style=\"width: 174.734px;\">Herbert Schuch<\/td>\n<td align=\"left\" style=\"width: 127.578px;\"><\/td>\n<\/tr>\n<tr>\n<td height=\"18\" align=\"left\" style=\"width: 112.344px;\"><\/td>\n<td align=\"left\" style=\"width: 174.734px;\"><\/td>\n<td align=\"left\" style=\"width: 127.578px;\"><\/td>\n<\/tr>\n<tr>\n<td height=\"18\" align=\"left\" style=\"width: 112.344px;\"><\/td>\n<td align=\"left\" style=\"width: 174.734px;\"><\/td>\n<td align=\"left\" style=\"width: 127.578px;\"><\/td>\n<\/tr>\n<tr>\n<td height=\"18\" align=\"right\" sdval=\"46131\" sdnum=\"1031;0;TT.MM.JJ\" style=\"width: 112.344px;\">19.04.26<\/td>\n<td align=\"left\" style=\"width: 174.734px;\"><b>Il Floridante oder die heimliche Heldin<\/b><\/td>\n<td align=\"left\" style=\"width: 127.578px;\">18:00 Uhr<\/td>\n<\/tr>\n<tr>\n<td height=\"18\" align=\"left\" style=\"width: 112.344px;\"><\/td>\n<td align=\"left\" style=\"width: 174.734px;\">Cembaless<\/td>\n<td align=\"left\" style=\"width: 127.578px;\"><\/td>\n<\/tr>\n<\/tbody>\n<\/table>\n<p>&nbsp;<\/p>\n<p><span><\/span><\/p>\n<p>[\/et_pb_text][\/et_pb_column][\/et_pb_row][et_pb_row _builder_version=&#8220;3.18.7&#8243;][et_pb_column type=&#8220;4_4&#8243; _builder_version=&#8220;3.18.7&#8243; parallax=&#8220;off&#8220; parallax_method=&#8220;on&#8220;][et_pb_text _builder_version=&#8220;3.18.7&#8243;]<\/p>\n<p>*Karten f\u00fcr die Abonnementkonzerte im Vorverkauf an der Theaterkasse im Centrum und im Online-Shop des St\u00e4dtischen B\u00fchenhauses Wesel<\/p>\n<p>**Karten f\u00fcr die Sonderkonzerte sind im Abonnement nicht enthalten &#8211; sie gibt es nur im Vorverkauf an der Theaterkasse im Centrum und im Online-Shop des St\u00e4dtischen B\u00fchenhauses Wesel<\/p>\n<p>Die Abendkasse im B\u00fchnenhaus ist vor allen Konzerten eine Stunde vor Konzertbeginn ge\u00f6ffnet.<\/p>\n<p>[\/et_pb_text][\/et_pb_column][\/et_pb_row][\/et_pb_section]<\/p>\n","protected":false},"excerpt":{"rendered":"<p>[et_pb_section fb_built=&#8220;1&#8243; _builder_version=&#8220;3.18.7&#8243;][et_pb_row custom_padding=&#8220;27px|0px|30px|0px|false|false&#8220; _builder_version=&#8220;3.18.7&#8243;][et_pb_column type=&#8220;4_4&#8243; _builder_version=&#8220;3.18.7&#8243; parallax=&#8220;off&#8220; parallax_method=&#8220;on&#8220;][et_pb_text _builder_version=&#8220;3.18.7&#8243; text_font=&#8220;||||||||&#8220; inline_fonts=&#8220;Georgia&#8220;] \u00dcbersicht \u00fcber wichtige aktuelle Termine! Die speziellen Termine f\u00fcr die Chorproben mit Stimmbildung werden per E-Mail \u00fcber den Chorrufer (Rundbrief jeden Dienstag vor der Probe am Donnerstag) mitgeteilt. Datum Ereignis Ort Uhrzeit Jeden Donnerstag (in der Regel au\u00dferhalb der Schulferien) Chorproben des St\u00e4dtischen [&hellip;]<\/p>\n","protected":false},"author":1,"featured_media":0,"parent":0,"menu_order":0,"comment_status":"closed","ping_status":"closed","template":"","meta":{"_et_pb_use_builder":"on","_et_pb_old_content":"","footnotes":""},"class_list":["post-3035","page","type-page","status-publish","hentry"],"_links":{"self":[{"href":"https:\/\/www.musikverein-wesel.de\/index.php?rest_route=\/wp\/v2\/pages\/3035","targetHints":{"allow":["GET"]}}],"collection":[{"href":"https:\/\/www.musikverein-wesel.de\/index.php?rest_route=\/wp\/v2\/pages"}],"about":[{"href":"https:\/\/www.musikverein-wesel.de\/index.php?rest_route=\/wp\/v2\/types\/page"}],"author":[{"embeddable":true,"href":"https:\/\/www.musikverein-wesel.de\/index.php?rest_route=\/wp\/v2\/users\/1"}],"replies":[{"embeddable":true,"href":"https:\/\/www.musikverein-wesel.de\/index.php?rest_route=%2Fwp%2Fv2%2Fcomments&post=3035"}],"version-history":[{"count":90,"href":"https:\/\/www.musikverein-wesel.de\/index.php?rest_route=\/wp\/v2\/pages\/3035\/revisions"}],"predecessor-version":[{"id":6250,"href":"https:\/\/www.musikverein-wesel.de\/index.php?rest_route=\/wp\/v2\/pages\/3035\/revisions\/6250"}],"wp:attachment":[{"href":"https:\/\/www.musikverein-wesel.de\/index.php?rest_route=%2Fwp%2Fv2%2Fmedia&parent=3035"}],"curies":[{"name":"wp","href":"https:\/\/api.w.org\/{rel}","templated":true}]}}